{"id":6,"date":"2023-01-03T14:12:42","date_gmt":"2023-01-03T13:12:42","guid":{"rendered":"https:\/\/www.obsthof-zwicker.de\/shop\/shop\/"},"modified":"2023-03-28T14:41:26","modified_gmt":"2023-03-28T12:41:26","slug":"shop","status":"publish","type":"page","link":"https:\/\/www.obsthof-zwicker.de\/shop\/","title":{"rendered":"Online Shop"},"content":{"rendered":"<p>[et_pb_section fb_built=&#8221;1&#8243; custom_padding_last_edited=&#8221;off|desktop&#8221; admin_label=&#8221;Header Section&#8221; _builder_version=&#8221;4.20.2&#8243; background_image=&#8221;https:\/\/www.obsthof-zwicker.de\/shop\/wp-content\/uploads\/2023\/03\/Online-shop-titelbild-2023-scaled.jpeg&#8221; background_position=&#8221;bottom_center&#8221; custom_padding=&#8221;8%|0px|40%|0px&#8221; custom_padding_tablet=&#8221;320px|0px|0px|0px&#8221; global_colors_info=&#8221;{}&#8221;][et_pb_row admin_label=&#8221;Header Row&#8221; _builder_version=&#8221;4.16&#8243; global_colors_info=&#8221;{}&#8221;][et_pb_column type=&#8221;4_4&#8243; _builder_version=&#8221;4.16&#8243; custom_padding=&#8221;|||&#8221; global_colors_info=&#8221;{}&#8221; custom_padding__hover=&#8221;|||&#8221;][et_pb_text _builder_version=&#8221;4.20.2&#8243; text_font=&#8221;Open Sans|600|||||||&#8221; text_line_height=&#8221;1.8em&#8221; header_font=&#8221;Oswald|||on|||||&#8221; header_font_size=&#8221;60px&#8221; header_letter_spacing=&#8221;5px&#8221; header_line_height=&#8221;1.4em&#8221; text_orientation=&#8221;center&#8221; max_width=&#8221;700px&#8221; module_alignment=&#8221;center&#8221; animation_style=&#8221;fade&#8221; hover_enabled=&#8221;0&#8243; global_colors_info=&#8221;{}&#8221; background_layout=&#8221;dark&#8221; sticky_enabled=&#8221;0&#8243;]<\/p>\n<h1>Obsthof Zwicker Online-Shop<\/h1>\n<h2>K\u00f6stliches aus Obst. Seit 1855.<\/h2>\n<p>[\/et_pb_text][\/et_pb_column][\/et_pb_row][\/et_pb_section][et_pb_section fb_built=&#8221;1&#8243; admin_label=&#8221;Products Section&#8221; _builder_version=&#8221;4.16&#8243; custom_padding=&#8221;120px|0px|120px|0px&#8221; global_colors_info=&#8221;{}&#8221;][et_pb_row admin_label=&#8221;Products Row&#8221; _builder_version=&#8221;4.20.0&#8243; custom_padding=&#8221;||0px||false|false&#8221; global_colors_info=&#8221;{}&#8221;][et_pb_column type=&#8221;4_4&#8243; _builder_version=&#8221;4.16&#8243; custom_padding=&#8221;|||&#8221; global_colors_info=&#8221;{}&#8221; custom_padding__hover=&#8221;|||&#8221;][et_pb_text _builder_version=&#8221;4.20.0&#8243; _module_preset=&#8221;default&#8221; global_colors_info=&#8221;{}&#8221;]<\/p>\n<p>Einfach online bestellen: Apfelchips, Gelee, Konfit\u00fcre, Obsts\u00e4fte und viele weitere K\u00f6stlichkeiten. Direkt ab Hof. Ohne Aroma- und Farbstoffe. Wir produzieren in Schweinitz an der schwarzen Elster nach den Richtlinien kontrollierter und integrierter Produktion. Und denken und handeln naturnah und nachhaltig.<\/p>\n<p>[\/et_pb_text][et_pb_text admin_label=&#8221;Text&#8221; _builder_version=&#8221;4.20.0&#8243; _module_preset=&#8221;default&#8221; global_colors_info=&#8221;{}&#8221;]<\/p>\n<h2 style=\"text-align: center;\">Apfelchips<\/h2>\n<p>[\/et_pb_text][et_pb_shop type=&#8221;product_category&#8221; posts_number=&#8221;4&#8243; include_categories=&#8221;22&#8243; columns_number=&#8221;4&#8243; orderby=&#8221;menu_order&#8221; icon_hover_color=&#8221;#000000&#8243; show_rating=&#8221;off&#8221; admin_label=&#8221;Products&#8221; _builder_version=&#8221;4.20.0&#8243; title_font=&#8221;Oswald|||on|||||&#8221; title_font_size=&#8221;16px&#8221; title_letter_spacing=&#8221;2px&#8221; title_line_height=&#8221;1.7em&#8221; price_font=&#8221;Open Sans|600|||||||&#8221; price_text_align=&#8221;center&#8221; price_line_height=&#8221;1.7em&#8221; text_orientation=&#8221;center&#8221; global_colors_info=&#8221;{}&#8221;][\/et_pb_shop][\/et_pb_column][\/et_pb_row][et_pb_row admin_label=&#8221;Products Row&#8221; _builder_version=&#8221;4.20.0&#8243; custom_padding=&#8221;0px||||false|false&#8221; global_colors_info=&#8221;{}&#8221;][et_pb_column type=&#8221;4_4&#8243; _builder_version=&#8221;4.16&#8243; custom_padding=&#8221;|||&#8221; global_colors_info=&#8221;{}&#8221; custom_padding__hover=&#8221;|||&#8221;][et_pb_text admin_label=&#8221;Text&#8221; _builder_version=&#8221;4.20.2&#8243; _module_preset=&#8221;default&#8221; global_colors_info=&#8221;{}&#8221;]<\/p>\n<h2 style=\"text-align: center;\">Gelee<\/h2>\n<p>[\/et_pb_text][et_pb_shop type=&#8221;product_category&#8221; posts_number=&#8221;4&#8243; include_categories=&#8221;21&#8243; columns_number=&#8221;4&#8243; orderby=&#8221;menu_order&#8221; icon_hover_color=&#8221;#000000&#8243; show_rating=&#8221;off&#8221; admin_label=&#8221;Products&#8221; _builder_version=&#8221;4.20.0&#8243; title_font=&#8221;Oswald|||on|||||&#8221; title_font_size=&#8221;16px&#8221; title_letter_spacing=&#8221;2px&#8221; title_line_height=&#8221;1.7em&#8221; price_font=&#8221;Open Sans|600|||||||&#8221; price_text_align=&#8221;center&#8221; price_line_height=&#8221;1.7em&#8221; text_orientation=&#8221;center&#8221; custom_margin=&#8221;||||false|false&#8221; custom_padding=&#8221;||||false|false&#8221; global_colors_info=&#8221;{}&#8221;][\/et_pb_shop][et_pb_button button_url=&#8221;https:\/\/www.obsthof-zwicker.de\/shop\/gelee\/&#8221; button_text=&#8221;Alle Gelee&#8221; button_alignment=&#8221;center&#8221; _builder_version=&#8221;4.20.2&#8243; _module_preset=&#8221;default&#8221; global_colors_info=&#8221;{}&#8221;][\/et_pb_button][\/et_pb_column][\/et_pb_row][et_pb_row admin_label=&#8221;Products Row&#8221; _builder_version=&#8221;4.20.0&#8243; custom_padding=&#8221;||||false|false&#8221; global_colors_info=&#8221;{}&#8221;][et_pb_column type=&#8221;4_4&#8243; _builder_version=&#8221;4.16&#8243; custom_padding=&#8221;|||&#8221; global_colors_info=&#8221;{}&#8221; custom_padding__hover=&#8221;|||&#8221;][et_pb_text admin_label=&#8221;Text&#8221; _builder_version=&#8221;4.20.0&#8243; _module_preset=&#8221;default&#8221; global_colors_info=&#8221;{}&#8221;]<\/p>\n<h2 style=\"text-align: center;\">Konfit\u00fcre<\/h2>\n<p>[\/et_pb_text][et_pb_shop type=&#8221;product_category&#8221; posts_number=&#8221;4&#8243; include_categories=&#8221;20&#8243; columns_number=&#8221;4&#8243; orderby=&#8221;menu_order&#8221; icon_hover_color=&#8221;#000000&#8243; show_rating=&#8221;off&#8221; admin_label=&#8221;Products&#8221; _builder_version=&#8221;4.20.0&#8243; title_font=&#8221;Oswald|||on|||||&#8221; title_font_size=&#8221;16px&#8221; title_letter_spacing=&#8221;2px&#8221; title_line_height=&#8221;1.7em&#8221; price_font=&#8221;Open Sans|600|||||||&#8221; price_text_align=&#8221;center&#8221; price_line_height=&#8221;1.7em&#8221; text_orientation=&#8221;center&#8221; global_colors_info=&#8221;{}&#8221;][\/et_pb_shop][et_pb_button button_url=&#8221;https:\/\/www.obsthof-zwicker.de\/shop\/konfituere\/&#8221; button_text=&#8221;Alle Konfit\u00fcre&#8221; button_alignment=&#8221;center&#8221; _builder_version=&#8221;4.20.0&#8243; _module_preset=&#8221;default&#8221; global_colors_info=&#8221;{}&#8221;][\/et_pb_button][\/et_pb_column][\/et_pb_row][et_pb_row admin_label=&#8221;Products Row&#8221; _builder_version=&#8221;4.16&#8243; global_colors_info=&#8221;{}&#8221;][et_pb_column type=&#8221;4_4&#8243; _builder_version=&#8221;4.16&#8243; custom_padding=&#8221;|||&#8221; global_colors_info=&#8221;{}&#8221; custom_padding__hover=&#8221;|||&#8221;][et_pb_text admin_label=&#8221;Text&#8221; _builder_version=&#8221;4.20.0&#8243; _module_preset=&#8221;default&#8221; global_colors_info=&#8221;{}&#8221;]<\/p>\n<h2 style=\"text-align: center;\">S\u00e4fte<\/h2>\n<p>[\/et_pb_text][et_pb_shop type=&#8221;latest&#8221; posts_number=&#8221;4&#8243; columns_number=&#8221;4&#8243; icon_hover_color=&#8221;#000000&#8243; show_rating=&#8221;off&#8221; admin_label=&#8221;Products&#8221; _builder_version=&#8221;4.20.0&#8243; title_font=&#8221;Oswald|||on|||||&#8221; title_font_size=&#8221;16px&#8221; title_letter_spacing=&#8221;2px&#8221; title_line_height=&#8221;1.7em&#8221; price_font=&#8221;Open Sans|600|||||||&#8221; price_text_align=&#8221;center&#8221; price_line_height=&#8221;1.7em&#8221; text_orientation=&#8221;center&#8221; global_colors_info=&#8221;{}&#8221;][\/et_pb_shop][et_pb_button button_url=&#8221;https:\/\/www.obsthof-zwicker.de\/shop\/saefte\/&#8221; button_text=&#8221;Alle S\u00e4fte&#8221; button_alignment=&#8221;center&#8221; _builder_version=&#8221;4.20.0&#8243; _module_preset=&#8221;default&#8221; global_colors_info=&#8221;{}&#8221;][\/et_pb_button][\/et_pb_column][\/et_pb_row][et_pb_row admin_label=&#8221;Products Row&#8221; _builder_version=&#8221;4.20.0&#8243; custom_padding=&#8221;||0px||false|false&#8221; global_colors_info=&#8221;{}&#8221;][et_pb_column type=&#8221;4_4&#8243; _builder_version=&#8221;4.16&#8243; custom_padding=&#8221;|||&#8221; global_colors_info=&#8221;{}&#8221; custom_padding__hover=&#8221;|||&#8221;][et_pb_text admin_label=&#8221;Text&#8221; _builder_version=&#8221;4.20.0&#8243; _module_preset=&#8221;default&#8221; global_colors_info=&#8221;{}&#8221;]<\/p>\n<h2 style=\"text-align: center; margin-bottom: 2.75%;\">Aktuell<\/h2>\n<div class=\"woocommerce columns-4 \"><ul class=\"products columns-4\">\n<li class=\"product type-product post-149 status-publish first instock product_cat-gelee has-post-thumbnail shipping-taxable purchasable product-type-simple\">\n\t<\/li>\n<li class=\"product type-product post-143 status-publish instock product_cat-gelee has-post-thumbnail shipping-taxable purchasable product-type-simple\">\n\t<\/li>\n<li class=\"product type-product post-157 status-publish instock product_cat-gelee has-post-thumbnail shipping-taxable purchasable product-type-simple\">\n\t<\/li>\n<li class=\"product type-product post-159 status-publish last instock product_cat-sonstiges has-post-thumbnail shipping-taxable purchasable product-type-simple\">\n\t<\/li>\n<\/ul>\n<\/div>\n<p>[\/et_pb_text][\/et_pb_column][\/et_pb_row][et_pb_row admin_label=&#8221;Products Row&#8221; _builder_version=&#8221;4.20.0&#8243; custom_padding=&#8221;0px||||false|false&#8221; global_colors_info=&#8221;{}&#8221;][et_pb_column type=&#8221;4_4&#8243; _builder_version=&#8221;4.20.0&#8243; _module_preset=&#8221;default&#8221; global_colors_info=&#8221;{}&#8221;][et_pb_text admin_label=&#8221;Text&#8221; _builder_version=&#8221;4.20.0&#8243; _module_preset=&#8221;default&#8221; global_colors_info=&#8221;{}&#8221;]<\/p>\n<h2 style=\"text-align: center;\">Unsere Bestseller<\/h2>\n<p>[\/et_pb_text][et_pb_shop type=&#8221;best_selling&#8221; posts_number=&#8221;8&#8243; columns_number=&#8221;4&#8243; orderby=&#8221;menu_order&#8221; icon_hover_color=&#8221;#000000&#8243; show_rating=&#8221;off&#8221; admin_label=&#8221;Products&#8221; _builder_version=&#8221;4.20.0&#8243; title_font=&#8221;Oswald|||on|||||&#8221; title_font_size=&#8221;16px&#8221; title_letter_spacing=&#8221;2px&#8221; title_line_height=&#8221;1.7em&#8221; price_font=&#8221;Open Sans|600|||||||&#8221; price_text_align=&#8221;center&#8221; price_line_height=&#8221;1.7em&#8221; text_orientation=&#8221;center&#8221; global_colors_info=&#8221;{}&#8221;][\/et_pb_shop][\/et_pb_column][\/et_pb_row][\/et_pb_section]<\/p>\n","protected":false},"excerpt":{"rendered":"<p>Obsthof Zwicker Online-Shop K\u00f6stliches aus Obst. Seit 1855.Einfach online bestellen: Apfelchips, Gelee, Konfit\u00fcre, Obsts\u00e4fte und viele weitere K\u00f6stlichkeiten. Direkt ab Hof. Ohne Aroma- und Farbstoffe. Wir produzieren in Schweinitz an der schwarzen Elster nach den Richtlinien kontrollierter und integrierter Produktion. Und denken und handeln naturnah und nachhaltig.ApfelchipsGeleeKonfit\u00fcreS\u00e4fteAktuell <div class=\"woocommerce columns-4 \"><ul class=\"products columns-4\">\n<li class=\"product type-product post-149 status-publish first instock product_cat-gelee has-post-thumbnail shipping-taxable purchasable product-type-simple\">\n\t<\/li>\n<li class=\"product type-product post-143 status-publish instock product_cat-gelee has-post-thumbnail shipping-taxable purchasable product-type-simple\">\n\t<\/li>\n<li class=\"product type-product post-157 status-publish instock product_cat-gelee has-post-thumbnail shipping-taxable purchasable product-type-simple\">\n\t<\/li>\n<li class=\"product type-product post-159 status-publish last instock product_cat-sonstiges has-post-thumbnail shipping-taxable purchasable product-type-simple\">\n\t<\/li>\n<\/ul>\n<\/div>Unsere Bestseller<\/p>\n","protected":false},"author":1,"featured_media":0,"parent":0,"menu_order":0,"comment_status":"closed","ping_status":"closed","template":"","meta":{"_et_pb_use_builder":"on","_et_pb_old_content":"","_et_gb_content_width":"","footnotes":""},"class_list":["post-6","page","type-page","status-publish","hentry"],"yoast_head":"<!-- This site is optimized with the Yoast SEO plugin v20.3 - https:\/\/yoast.com\/wordpress\/plugins\/seo\/ -->\n<title>Online Shop | Obsthof Zwicker Jessen<\/title>\n<meta name=\"description\" content=\"Bestellen Sie Apfelchips, Gelee, Geschenkk\u00f6rbe, Konfit\u00fcre und Obsts\u00e4fte einfach und bequem in unserem Online-Shop.\" \/>\n<meta name=\"robots\" content=\"index, follow, max-snippet:-1, max-image-preview:large, max-video-preview:-1\" \/>\n<link rel=\"canonical\" href=\"https:\/\/www.obsthof-zwicker.de\/shop\/\" \/>\n<meta property=\"og:locale\" content=\"de_DE\" \/>\n<meta property=\"og:type\" content=\"article\" \/>\n<meta property=\"og:title\" content=\"Online Shop | Obsthof Zwicker Jessen\" \/>\n<meta property=\"og:description\" content=\"Bestellen Sie Apfelchips, Gelee, Geschenkk\u00f6rbe, Konfit\u00fcre und Obsts\u00e4fte einfach und bequem in unserem Online-Shop.\" \/>\n<meta property=\"og:url\" content=\"https:\/\/www.obsthof-zwicker.de\/shop\/\" \/>\n<meta property=\"og:site_name\" content=\"Obsthof Zwicker\" \/>\n<meta property=\"article:modified_time\" content=\"2023-03-28T12:41:26+00:00\" \/>\n<meta name=\"twitter:card\" content=\"summary_large_image\" \/>\n<meta name=\"twitter:label1\" content=\"Est. reading time\" \/>\n\t<meta name=\"twitter:data1\" content=\"2\u00a0Minuten\" \/>\n<script type=\"application\/ld+json\" class=\"yoast-schema-graph\">{\"@context\":\"https:\/\/schema.org\",\"@graph\":[{\"@type\":\"WebPage\",\"@id\":\"https:\/\/www.obsthof-zwicker.de\/shop\/\",\"url\":\"https:\/\/www.obsthof-zwicker.de\/shop\/\",\"name\":\"Online Shop | Obsthof Zwicker Jessen\",\"isPartOf\":{\"@id\":\"https:\/\/www.obsthof-zwicker.de\/shop\/#website\"},\"datePublished\":\"2023-01-03T13:12:42+00:00\",\"dateModified\":\"2023-03-28T12:41:26+00:00\",\"description\":\"Bestellen Sie Apfelchips, Gelee, Geschenkk\u00f6rbe, Konfit\u00fcre und Obsts\u00e4fte einfach und bequem in unserem Online-Shop.\",\"breadcrumb\":{\"@id\":\"https:\/\/www.obsthof-zwicker.de\/shop\/#breadcrumb\"},\"inLanguage\":\"de-CH\",\"potentialAction\":[{\"@type\":\"ReadAction\",\"target\":[\"https:\/\/www.obsthof-zwicker.de\/shop\/\"]}]},{\"@type\":\"BreadcrumbList\",\"@id\":\"https:\/\/www.obsthof-zwicker.de\/shop\/#breadcrumb\",\"itemListElement\":[{\"@type\":\"ListItem\",\"position\":1,\"name\":\"Home\",\"item\":\"https:\/\/www.obsthof-zwicker.de\/shop\/\"},{\"@type\":\"ListItem\",\"position\":2,\"name\":\"Online Shop\"}]},{\"@type\":\"WebSite\",\"@id\":\"https:\/\/www.obsthof-zwicker.de\/shop\/#website\",\"url\":\"https:\/\/www.obsthof-zwicker.de\/shop\/\",\"name\":\"Obsthof Zwicker\",\"description\":\"Shop\",\"potentialAction\":[{\"@type\":\"SearchAction\",\"target\":{\"@type\":\"EntryPoint\",\"urlTemplate\":\"https:\/\/www.obsthof-zwicker.de\/shop\/?s={search_term_string}\"},\"query-input\":\"required name=search_term_string\"}],\"inLanguage\":\"de-CH\"}]}<\/script>\n<!-- \/ Yoast SEO plugin. -->","yoast_head_json":{"title":"Online Shop | Obsthof Zwicker Jessen","description":"Bestellen Sie Apfelchips, Gelee, Geschenkk\u00f6rbe, Konfit\u00fcre und Obsts\u00e4fte einfach und bequem in unserem Online-Shop.","robots":{"index":"index","follow":"follow","max-snippet":"max-snippet:-1","max-image-preview":"max-image-preview:large","max-video-preview":"max-video-preview:-1"},"canonical":"https:\/\/www.obsthof-zwicker.de\/shop\/","og_locale":"de_DE","og_type":"article","og_title":"Online Shop | Obsthof Zwicker Jessen","og_description":"Bestellen Sie Apfelchips, Gelee, Geschenkk\u00f6rbe, Konfit\u00fcre und Obsts\u00e4fte einfach und bequem in unserem Online-Shop.","og_url":"https:\/\/www.obsthof-zwicker.de\/shop\/","og_site_name":"Obsthof Zwicker","article_modified_time":"2023-03-28T12:41:26+00:00","twitter_card":"summary_large_image","twitter_misc":{"Est. reading time":"2\u00a0Minuten"},"schema":{"@context":"https:\/\/schema.org","@graph":[{"@type":"WebPage","@id":"https:\/\/www.obsthof-zwicker.de\/shop\/","url":"https:\/\/www.obsthof-zwicker.de\/shop\/","name":"Online Shop | Obsthof Zwicker Jessen","isPartOf":{"@id":"https:\/\/www.obsthof-zwicker.de\/shop\/#website"},"datePublished":"2023-01-03T13:12:42+00:00","dateModified":"2023-03-28T12:41:26+00:00","description":"Bestellen Sie Apfelchips, Gelee, Geschenkk\u00f6rbe, Konfit\u00fcre und Obsts\u00e4fte einfach und bequem in unserem Online-Shop.","breadcrumb":{"@id":"https:\/\/www.obsthof-zwicker.de\/shop\/#breadcrumb"},"inLanguage":"de-CH","potentialAction":[{"@type":"ReadAction","target":["https:\/\/www.obsthof-zwicker.de\/shop\/"]}]},{"@type":"BreadcrumbList","@id":"https:\/\/www.obsthof-zwicker.de\/shop\/#breadcrumb","itemListElement":[{"@type":"ListItem","position":1,"name":"Home","item":"https:\/\/www.obsthof-zwicker.de\/shop\/"},{"@type":"ListItem","position":2,"name":"Online Shop"}]},{"@type":"WebSite","@id":"https:\/\/www.obsthof-zwicker.de\/shop\/#website","url":"https:\/\/www.obsthof-zwicker.de\/shop\/","name":"Obsthof Zwicker","description":"Shop","potentialAction":[{"@type":"SearchAction","target":{"@type":"EntryPoint","urlTemplate":"https:\/\/www.obsthof-zwicker.de\/shop\/?s={search_term_string}"},"query-input":"required name=search_term_string"}],"inLanguage":"de-CH"}]}},"_links":{"self":[{"href":"https:\/\/www.obsthof-zwicker.de\/shop\/wp-json\/wp\/v2\/pages\/6","targetHints":{"allow":["GET"]}}],"collection":[{"href":"https:\/\/www.obsthof-zwicker.de\/shop\/wp-json\/wp\/v2\/pages"}],"about":[{"href":"https:\/\/www.obsthof-zwicker.de\/shop\/wp-json\/wp\/v2\/types\/page"}],"author":[{"embeddable":true,"href":"https:\/\/www.obsthof-zwicker.de\/shop\/wp-json\/wp\/v2\/users\/1"}],"replies":[{"embeddable":true,"href":"https:\/\/www.obsthof-zwicker.de\/shop\/wp-json\/wp\/v2\/comments?post=6"}],"version-history":[{"count":18,"href":"https:\/\/www.obsthof-zwicker.de\/shop\/wp-json\/wp\/v2\/pages\/6\/revisions"}],"predecessor-version":[{"id":299,"href":"https:\/\/www.obsthof-zwicker.de\/shop\/wp-json\/wp\/v2\/pages\/6\/revisions\/299"}],"wp:attachment":[{"href":"https:\/\/www.obsthof-zwicker.de\/shop\/wp-json\/wp\/v2\/media?parent=6"}],"curies":[{"name":"wp","href":"https:\/\/api.w.org\/{rel}","templated":true}]}}