{"id":187,"date":"2023-01-11T11:45:53","date_gmt":"2023-01-11T10:45:53","guid":{"rendered":"https:\/\/www.obsthof-zwicker.de\/shop\/?page_id=187"},"modified":"2023-03-07T14:51:18","modified_gmt":"2023-03-07T13:51:18","slug":"konfituere","status":"publish","type":"page","link":"https:\/\/www.obsthof-zwicker.de\/shop\/konfituere\/","title":{"rendered":"Konfit\u00fcre"},"content":{"rendered":"<p>[et_pb_section fb_built=&#8221;1&#8243; _builder_version=&#8221;4.19.4&#8243; _module_preset=&#8221;default&#8221; global_colors_info=&#8221;{}&#8221;][et_pb_row _builder_version=&#8221;4.19.4&#8243; _module_preset=&#8221;default&#8221; global_colors_info=&#8221;{}&#8221;][et_pb_column type=&#8221;4_4&#8243; _builder_version=&#8221;4.19.4&#8243; _module_preset=&#8221;default&#8221; global_colors_info=&#8221;{}&#8221;][et_pb_text _builder_version=&#8221;4.20.0&#8243; _module_preset=&#8221;default&#8221; hover_enabled=&#8221;0&#8243; global_colors_info=&#8221;{}&#8221; sticky_enabled=&#8221;0&#8243;]<\/p>\n<h1>Konfit\u00fcre<\/h1>\n<p>K\u00f6stliche Konfit\u00fcre mit leckeren Fruchtst\u00fcckchen. F\u00fcr Brotaufstriche, Fr\u00fcchte-Joghurts und Toppings. Von Hand nach unserem alten Familienrezept mit Fr\u00fcchten aus eigenem Anbau hergestellt. Ohne Farb- und Aromastoffe. Die lustigen Namen machen die Konfit\u00fcre zu etwas ganz Besonderem und sorgen f\u00fcr doppelten Genuss. Jetzt direkt ab Hof in unserem Online-Shop bestellen.<\/p>\n<p>[\/et_pb_text][et_pb_shop type=&#8221;product_category&#8221; posts_number=&#8221;24&#8243; include_categories=&#8221;20&#8243; show_rating=&#8221;off&#8221; _builder_version=&#8221;4.19.4&#8243; _module_preset=&#8221;default&#8221; global_colors_info=&#8221;{}&#8221;][\/et_pb_shop][\/et_pb_column][\/et_pb_row][\/et_pb_section]<\/p>\n","protected":false},"excerpt":{"rendered":"<p>Konfit\u00fcre K\u00f6stliche Konfit\u00fcre mit leckeren Fruchtst\u00fcckchen. F\u00fcr Brotaufstriche, Fr\u00fcchte-Joghurts und Toppings. Von Hand nach unserem alten Familienrezept mit Fr\u00fcchten aus eigenem Anbau hergestellt. Ohne Farb- und Aromastoffe. Die lustigen Namen machen die Konfit\u00fcre zu etwas ganz Besonderem und sorgen f\u00fcr doppelten Genuss. Jetzt direkt ab Hof in unserem Online-Shop bestellen.<\/p>\n","protected":false},"author":1,"featured_media":0,"parent":0,"menu_order":0,"comment_status":"closed","ping_status":"closed","template":"","meta":{"_et_pb_use_builder":"on","_et_pb_old_content":"","_et_gb_content_width":"","footnotes":""},"class_list":["post-187","page","type-page","status-publish","hentry"],"yoast_head":"<!-- This site is optimized with the Yoast SEO plugin v20.3 - https:\/\/yoast.com\/wordpress\/plugins\/seo\/ -->\n<title>Konfit\u00fcre | Obsthof Zwicker<\/title>\n<meta name=\"description\" content=\"Konfit\u00fcre mit leckeren Fruchtst\u00fccken. Direkt vom Erzeuger. Heute bestellt, morgen auf dem Weg zu dir.\" \/>\n<meta name=\"robots\" content=\"index, follow, max-snippet:-1, max-image-preview:large, max-video-preview:-1\" \/>\n<link rel=\"canonical\" href=\"https:\/\/www.obsthof-zwicker.de\/shop\/konfituere\/\" \/>\n<meta property=\"og:locale\" content=\"de_DE\" \/>\n<meta property=\"og:type\" content=\"article\" \/>\n<meta property=\"og:title\" content=\"Konfit\u00fcre | Obsthof Zwicker\" \/>\n<meta property=\"og:description\" content=\"Konfit\u00fcre mit leckeren Fruchtst\u00fccken. Direkt vom Erzeuger. Heute bestellt, morgen auf dem Weg zu dir.\" \/>\n<meta property=\"og:url\" content=\"https:\/\/www.obsthof-zwicker.de\/shop\/konfituere\/\" \/>\n<meta property=\"og:site_name\" content=\"Obsthof Zwicker\" \/>\n<meta property=\"article:modified_time\" content=\"2023-03-07T13:51:18+00:00\" \/>\n<meta name=\"twitter:card\" content=\"summary_large_image\" \/>\n<meta name=\"twitter:label1\" content=\"Est. reading time\" \/>\n\t<meta name=\"twitter:data1\" content=\"1\u00a0Minute\" \/>\n<script type=\"application\/ld+json\" class=\"yoast-schema-graph\">{\"@context\":\"https:\/\/schema.org\",\"@graph\":[{\"@type\":\"WebPage\",\"@id\":\"https:\/\/www.obsthof-zwicker.de\/shop\/konfituere\/\",\"url\":\"https:\/\/www.obsthof-zwicker.de\/shop\/konfituere\/\",\"name\":\"Konfit\u00fcre | Obsthof Zwicker\",\"isPartOf\":{\"@id\":\"https:\/\/www.obsthof-zwicker.de\/shop\/#website\"},\"datePublished\":\"2023-01-11T10:45:53+00:00\",\"dateModified\":\"2023-03-07T13:51:18+00:00\",\"description\":\"Konfit\u00fcre mit leckeren Fruchtst\u00fccken. Direkt vom Erzeuger. Heute bestellt, morgen auf dem Weg zu dir.\",\"breadcrumb\":{\"@id\":\"https:\/\/www.obsthof-zwicker.de\/shop\/konfituere\/#breadcrumb\"},\"inLanguage\":\"de-CH\",\"potentialAction\":[{\"@type\":\"ReadAction\",\"target\":[\"https:\/\/www.obsthof-zwicker.de\/shop\/konfituere\/\"]}]},{\"@type\":\"BreadcrumbList\",\"@id\":\"https:\/\/www.obsthof-zwicker.de\/shop\/konfituere\/#breadcrumb\",\"itemListElement\":[{\"@type\":\"ListItem\",\"position\":1,\"name\":\"Home\",\"item\":\"https:\/\/www.obsthof-zwicker.de\/shop\/\"},{\"@type\":\"ListItem\",\"position\":2,\"name\":\"Konfit\u00fcre\"}]},{\"@type\":\"WebSite\",\"@id\":\"https:\/\/www.obsthof-zwicker.de\/shop\/#website\",\"url\":\"https:\/\/www.obsthof-zwicker.de\/shop\/\",\"name\":\"Obsthof Zwicker\",\"description\":\"Shop\",\"potentialAction\":[{\"@type\":\"SearchAction\",\"target\":{\"@type\":\"EntryPoint\",\"urlTemplate\":\"https:\/\/www.obsthof-zwicker.de\/shop\/?s={search_term_string}\"},\"query-input\":\"required name=search_term_string\"}],\"inLanguage\":\"de-CH\"}]}<\/script>\n<!-- \/ Yoast SEO plugin. -->","yoast_head_json":{"title":"Konfit\u00fcre | Obsthof Zwicker","description":"Konfit\u00fcre mit leckeren Fruchtst\u00fccken. Direkt vom Erzeuger. Heute bestellt, morgen auf dem Weg zu dir.","robots":{"index":"index","follow":"follow","max-snippet":"max-snippet:-1","max-image-preview":"max-image-preview:large","max-video-preview":"max-video-preview:-1"},"canonical":"https:\/\/www.obsthof-zwicker.de\/shop\/konfituere\/","og_locale":"de_DE","og_type":"article","og_title":"Konfit\u00fcre | Obsthof Zwicker","og_description":"Konfit\u00fcre mit leckeren Fruchtst\u00fccken. Direkt vom Erzeuger. Heute bestellt, morgen auf dem Weg zu dir.","og_url":"https:\/\/www.obsthof-zwicker.de\/shop\/konfituere\/","og_site_name":"Obsthof Zwicker","article_modified_time":"2023-03-07T13:51:18+00:00","twitter_card":"summary_large_image","twitter_misc":{"Est. reading time":"1\u00a0Minute"},"schema":{"@context":"https:\/\/schema.org","@graph":[{"@type":"WebPage","@id":"https:\/\/www.obsthof-zwicker.de\/shop\/konfituere\/","url":"https:\/\/www.obsthof-zwicker.de\/shop\/konfituere\/","name":"Konfit\u00fcre | Obsthof Zwicker","isPartOf":{"@id":"https:\/\/www.obsthof-zwicker.de\/shop\/#website"},"datePublished":"2023-01-11T10:45:53+00:00","dateModified":"2023-03-07T13:51:18+00:00","description":"Konfit\u00fcre mit leckeren Fruchtst\u00fccken. Direkt vom Erzeuger. Heute bestellt, morgen auf dem Weg zu dir.","breadcrumb":{"@id":"https:\/\/www.obsthof-zwicker.de\/shop\/konfituere\/#breadcrumb"},"inLanguage":"de-CH","potentialAction":[{"@type":"ReadAction","target":["https:\/\/www.obsthof-zwicker.de\/shop\/konfituere\/"]}]},{"@type":"BreadcrumbList","@id":"https:\/\/www.obsthof-zwicker.de\/shop\/konfituere\/#breadcrumb","itemListElement":[{"@type":"ListItem","position":1,"name":"Home","item":"https:\/\/www.obsthof-zwicker.de\/shop\/"},{"@type":"ListItem","position":2,"name":"Konfit\u00fcre"}]},{"@type":"WebSite","@id":"https:\/\/www.obsthof-zwicker.de\/shop\/#website","url":"https:\/\/www.obsthof-zwicker.de\/shop\/","name":"Obsthof Zwicker","description":"Shop","potentialAction":[{"@type":"SearchAction","target":{"@type":"EntryPoint","urlTemplate":"https:\/\/www.obsthof-zwicker.de\/shop\/?s={search_term_string}"},"query-input":"required name=search_term_string"}],"inLanguage":"de-CH"}]}},"_links":{"self":[{"href":"https:\/\/www.obsthof-zwicker.de\/shop\/wp-json\/wp\/v2\/pages\/187","targetHints":{"allow":["GET"]}}],"collection":[{"href":"https:\/\/www.obsthof-zwicker.de\/shop\/wp-json\/wp\/v2\/pages"}],"about":[{"href":"https:\/\/www.obsthof-zwicker.de\/shop\/wp-json\/wp\/v2\/types\/page"}],"author":[{"embeddable":true,"href":"https:\/\/www.obsthof-zwicker.de\/shop\/wp-json\/wp\/v2\/users\/1"}],"replies":[{"embeddable":true,"href":"https:\/\/www.obsthof-zwicker.de\/shop\/wp-json\/wp\/v2\/comments?post=187"}],"version-history":[{"count":3,"href":"https:\/\/www.obsthof-zwicker.de\/shop\/wp-json\/wp\/v2\/pages\/187\/revisions"}],"predecessor-version":[{"id":280,"href":"https:\/\/www.obsthof-zwicker.de\/shop\/wp-json\/wp\/v2\/pages\/187\/revisions\/280"}],"wp:attachment":[{"href":"https:\/\/www.obsthof-zwicker.de\/shop\/wp-json\/wp\/v2\/media?parent=187"}],"curies":[{"name":"wp","href":"https:\/\/api.w.org\/{rel}","templated":true}]}}